{"id":3058,"date":"2024-02-24T20:04:24","date_gmt":"2024-02-24T19:04:24","guid":{"rendered":"https:\/\/www.battle-ajt.com\/?page_id=3058"},"modified":"2026-02-07T12:29:44","modified_gmt":"2026-02-07T11:29:44","slug":"battles","status":"publish","type":"page","link":"https:\/\/www.battle-ajt.com\/en\/battles\/","title":{"rendered":"battles"},"content":{"rendered":"<div data-elementor-type=\"wp-page\" data-elementor-id=\"3058\" class=\"elementor elementor-3058\" data-elementor-post-type=\"page\">\n\t\t\t\t\t\t<section class=\"elementor-section elementor-top-section elementor-element elementor-element-26740a89 elementor-section-full_width elementor-section-stretched elementor-section-height-default elementor-section-height-default\" data-id=\"26740a89\" data-element_type=\"section\" data-e-type=\"section\" data-settings=\"{&quot;stretch_section&quot;:&quot;section-stretched&quot;}\">\n\t\t\t\t\t\t<div class=\"elementor-container elementor-column-gap-no\">\n\t\t\t\t\t<div class=\"elementor-column elementor-col-100 elementor-top-column elementor-element elementor-element-3253fbc7\" data-id=\"3253fbc7\" data-element_type=\"column\" data-e-type=\"column\">\n\t\t\t<div class=\"elementor-widget-wrap elementor-element-populated\">\n\t\t\t\t\t\t<div class=\"elementor-element elementor-element-f386323 elementor-widget elementor-widget-heading\" data-id=\"f386323\" data-element_type=\"widget\" data-e-type=\"widget\" data-settings=\"{&quot;_animation&quot;:&quot;none&quot;}\" data-widget_type=\"heading.default\">\n\t\t\t\t<div class=\"elementor-widget-container\">\n\t\t\t\t\t<h1 class=\"elementor-heading-title elementor-size-default\">BATTLES.<\/h1>\t\t\t\t<\/div>\n\t\t\t\t<\/div>\n\t\t\t\t\t<\/div>\n\t\t<\/div>\n\t\t\t\t\t<\/div>\n\t\t<\/section>\n\t\t\t\t<section class=\"elementor-section elementor-top-section elementor-element elementor-element-7c3b720 elementor-section-full_width elementor-section-stretched elementor-section-height-default elementor-section-height-default\" data-id=\"7c3b720\" data-element_type=\"section\" data-e-type=\"section\" data-settings=\"{&quot;background_background&quot;:&quot;classic&quot;,&quot;stretch_section&quot;:&quot;section-stretched&quot;}\">\n\t\t\t\t\t\t<div class=\"elementor-container elementor-column-gap-default\">\n\t\t\t\t\t<div class=\"elementor-column elementor-col-100 elementor-top-column elementor-element elementor-element-a2956b3\" data-id=\"a2956b3\" data-element_type=\"column\" data-e-type=\"column\" data-settings=\"{&quot;background_background&quot;:&quot;classic&quot;}\">\n\t\t\t<div class=\"elementor-widget-wrap elementor-element-populated\">\n\t\t\t\t\t\t<section class=\"elementor-section elementor-inner-section elementor-element elementor-element-1236d33 elementor-section-full_width elementor-section-height-default elementor-section-height-default\" data-id=\"1236d33\" data-element_type=\"section\" data-e-type=\"section\">\n\t\t\t\t\t\t<div class=\"elementor-container elementor-column-gap-extended\">\n\t\t\t\t\t<div class=\"elementor-column elementor-col-50 elementor-inner-column elementor-element elementor-element-22570f6\" data-id=\"22570f6\" data-element_type=\"column\" data-e-type=\"column\">\n\t\t\t<div class=\"elementor-widget-wrap elementor-element-populated\">\n\t\t\t\t\t\t<div class=\"elementor-element elementor-element-2c35763 elementor-widget elementor-widget-text-editor\" data-id=\"2c35763\" data-element_type=\"widget\" data-e-type=\"widget\" data-widget_type=\"text-editor.default\">\n\t\t\t\t<div class=\"elementor-widget-container\">\n\t\t\t\t\t\t\t\t\t<p style=\"text-align: center;\"><strong>SATURDAY, MARCH 14, 2026<br \/>2vs2 Battle<\/strong><\/p><p>On live band<\/p>\t\t\t\t\t\t\t\t<\/div>\n\t\t\t\t<\/div>\n\t\t\t\t<div class=\"elementor-element elementor-element-492a0e3 elementor-widget__width-initial elementor-widget elementor-widget-text-editor\" data-id=\"492a0e3\" data-element_type=\"widget\" data-e-type=\"widget\" data-widget_type=\"text-editor.default\">\n\t\t\t\t<div class=\"elementor-widget-container\">\n\t\t\t\t\t\t\t\t\t<p><strong>QUALIFICATIONS<\/strong><\/p><ul><li style=\"font-weight: 400;\" aria-level=\"1\"><span style=\"font-weight: 400;\">The prelims will take place in groups (heat) of 5-8 people on 3 songs from the DJ at different tempos (approximately 1 minute per song).<\/span><\/li><li style=\"font-weight: 400;\" aria-level=\"1\"><span style=\"font-weight: 400;\">In addition to the two guest dancers, 14 participants will be selected by the jury and will enter the quarter-finals.<\/span><\/li><li style=\"font-weight: 400;\" aria-level=\"1\"><span style=\"font-weight: 400;\">The 16 selected will be assigned a pair by drawing lots: the final phases will therefore be in pairs (8 couples).<\/span><\/li><\/ul><p><strong>FINAL ROUNDS<\/strong><\/p><ul><li>Each duo of dancers will compete against another duo of 2 different music from the live band (swing and blues structure.<\/li><li>2 rounds in the 1\/4 and 1\/2 with only 1 passage of 1 mn per dancer and 1 music corresponds to 1 round, it means the passages of 2 dancers.<\/li><li>A round is not necessarily solo; depending on the chosen strategy, it can be performed as a duo.  \nThere will be no imposed chorus, let yourself be carried away by the music!<\/li><li>At the end of each battle the jury chooses the winning couple.<\/li><li>4 couples will therefore be chosen by the jury to enter the 1\/2 final which will take place later in the evening.<\/li><li>The 1\/2 finals will follow the same rules as the 1\/4 finals.<\/li><li>For the finalists, 4 rounds = 2 one-minute performances per dancer to the live band (be prepared for surprises).<\/li><\/ul><p><strong>TEMPO 170-220 bpm<\/strong><\/p>\t\t\t\t\t\t\t\t<\/div>\n\t\t\t\t<\/div>\n\t\t\t\t\t<\/div>\n\t\t<\/div>\n\t\t\t\t<div class=\"elementor-column elementor-col-50 elementor-inner-column elementor-element elementor-element-472958b\" data-id=\"472958b\" data-element_type=\"column\" data-e-type=\"column\">\n\t\t\t<div class=\"elementor-widget-wrap elementor-element-populated\">\n\t\t\t\t\t\t<div class=\"elementor-element elementor-element-d337434 elementor-widget elementor-widget-text-editor\" data-id=\"d337434\" data-element_type=\"widget\" data-e-type=\"widget\" data-widget_type=\"text-editor.default\">\n\t\t\t\t<div class=\"elementor-widget-container\">\n\t\t\t\t\t\t\t\t\t<p style=\"text-align: center;\"><strong>SUNDAY, MARCH 15, 2026<br \/>1vs1 All Styles Battle<br \/><\/strong><\/p><p>on DJ tracks<\/p>\t\t\t\t\t\t\t\t<\/div>\n\t\t\t\t<\/div>\n\t\t\t\t<div class=\"elementor-element elementor-element-c281637 elementor-widget elementor-widget-text-editor\" data-id=\"c281637\" data-element_type=\"widget\" data-e-type=\"widget\" data-widget_type=\"text-editor.default\">\n\t\t\t\t<div class=\"elementor-widget-container\">\n\t\t\t\t\t\t\t\t\t<p><strong>QUALIFICATIONS<\/strong><\/p><ul><li>The dancers will perform individually to music provided by the DJ (Swing, Latin Jazz, Rhythm \u2018n\u2019 Blues, Bebop, Brass Band)<\/li><li>Each dancer will have between 30 seconds and 1 minute to present their piece to the jury.<\/li><li>In addition to the two guests, 14 participants will be selected to advance to the round of 16.<\/li><\/ul><p><strong>FINAL ROUNDS<\/strong><\/p><p>The selected dancers will compete head-to-head to the DJ's music. After each battle, the jury will announce the winner.<\/p><ul><li>Round of 16 and Quarter-finals: 1 round per battle.<\/li><li>Semi-finals and Final : 2 rounds per battle.<\/li><\/ul><p>1 round: maximum 1 minute per dancer.<\/p>\t\t\t\t\t\t\t\t<\/div>\n\t\t\t\t<\/div>\n\t\t\t\t\t<\/div>\n\t\t<\/div>\n\t\t\t\t\t<\/div>\n\t\t<\/section>\n\t\t\t\t\t<\/div>\n\t\t<\/div>\n\t\t\t\t\t<\/div>\n\t\t<\/section>\n\t\t\t\t<\/div>","protected":false},"excerpt":{"rendered":"<p>BATTLES. Samedi 14 mars 2026BATTLE 2vs2 Sur orchestre live QUALIFICATIONS Les qualifications se d\u00e9rouleront par groupe (heat) de 5-8 personnes sur 3 musiques du DJ aux tempos diff\u00e9rents (1 minute environ par chanson). En plus des deux guests, 14 participants seront s\u00e9lectionn\u00e9.e.s par le jury et int\u00e9greront les 1\/4 finales. Les 16 s\u00e9lectionn\u00e9.e.s se verront [&hellip;]<\/p>\n","protected":false},"author":1,"featured_media":0,"parent":0,"menu_order":0,"comment_status":"closed","ping_status":"closed","template":"","meta":{"zakra_page_container_layout":"customizer","zakra_page_sidebar_layout":"customizer","zakra_remove_content_margin":false,"zakra_sidebar":"customizer","zakra_transparent_header":"customizer","zakra_logo":0,"zakra_main_header_style":"default","zakra_menu_item_color":"#ffffff","zakra_menu_item_hover_color":"#fe6c34","zakra_menu_item_active_color":"#fe6c34","zakra_menu_active_style":"style-2","zakra_page_header":false,"footnotes":""},"class_list":["post-3058","page","type-page","status-publish","hentry"],"_links":{"self":[{"href":"https:\/\/www.battle-ajt.com\/en\/wp-json\/wp\/v2\/pages\/3058","targetHints":{"allow":["GET"]}}],"collection":[{"href":"https:\/\/www.battle-ajt.com\/en\/wp-json\/wp\/v2\/pages"}],"about":[{"href":"https:\/\/www.battle-ajt.com\/en\/wp-json\/wp\/v2\/types\/page"}],"author":[{"embeddable":true,"href":"https:\/\/www.battle-ajt.com\/en\/wp-json\/wp\/v2\/users\/1"}],"replies":[{"embeddable":true,"href":"https:\/\/www.battle-ajt.com\/en\/wp-json\/wp\/v2\/comments?post=3058"}],"version-history":[{"count":92,"href":"https:\/\/www.battle-ajt.com\/en\/wp-json\/wp\/v2\/pages\/3058\/revisions"}],"predecessor-version":[{"id":5962,"href":"https:\/\/www.battle-ajt.com\/en\/wp-json\/wp\/v2\/pages\/3058\/revisions\/5962"}],"wp:attachment":[{"href":"https:\/\/www.battle-ajt.com\/en\/wp-json\/wp\/v2\/media?parent=3058"}],"curies":[{"name":"wp","href":"https:\/\/api.w.org\/{rel}","templated":true}]}}